{"id":7541,"date":"2017-10-11T11:28:03","date_gmt":"2017-10-11T04:28:03","guid":{"rendered":"https:\/\/gianniconti.com.vn\/?page_id=7541\/"},"modified":"2017-10-11T11:28:03","modified_gmt":"2017-10-11T04:28:03","slug":"ban-tin","status":"publish","type":"page","link":"https:\/\/gianniconti.com.vn\/vi\/ban-tin\/","title":{"rendered":"B\u1ea3n tin"},"content":{"rendered":"<div id=\"pl-7541\"  class=\"panel-layout\" ><div id=\"pg-7541-0\"  class=\"panel-grid panel-no-style\" ><div id=\"pgc-7541-0-0\"  class=\"panel-grid-cell\" ><div id=\"panel-7541-0-0-0\" class=\"so-panel widget widget_black-studio-tinymce widget_black_studio_tinymce panel-first-child panel-last-child\" data-index=\"0\" ><div class=\"panel-widget-style panel-widget-style-for-7541-0-0-0\" ><div class=\"textwidget\"><p>&nbsp;<br \/>\n&nbsp;<br \/>\n&nbsp;<\/p>\n<div class=\"our-store\">\n<h2>B\u1ea3n tin<\/h2>\n<p><div role=\"form\" class=\"wpcf7\" id=\"wpcf7-f7477-o1\" lang=\"en-US\" dir=\"ltr\">\n<div class=\"screen-reader-response\"><p role=\"status\" aria-live=\"polite\" aria-atomic=\"true\"><\/p> <ul><\/ul><\/div>\n<form action=\"\/vi\/wp-json\/wp\/v2\/pages\/7541#wpcf7-f7477-o1\" method=\"post\" class=\"wpcf7-form init\" novalidate=\"novalidate\" data-status=\"init\">\n<div style=\"display: none;\">\n<input type=\"hidden\" name=\"_wpcf7\" value=\"7477\" \/>\n<input type=\"hidden\" name=\"_wpcf7_version\" value=\"5.5.2\" \/>\n<input type=\"hidden\" name=\"_wpcf7_locale\" value=\"en_US\" \/>\n<input type=\"hidden\" name=\"_wpcf7_unit_tag\" value=\"wpcf7-f7477-o1\" \/>\n<input type=\"hidden\" name=\"_wpcf7_container_post\" value=\"0\" \/>\n<input type=\"hidden\" name=\"_wpcf7_posted_data_hash\" value=\"\" \/>\n<\/div>\n<p>\u0110\u0103ng k\u00fd nh\u1eadn b\u1ea3n tin v\u00e0 ch\u01b0\u01a1ng tr\u00ecnh khuy\u1ebfn m\u00e3i m\u1edbi nh\u00e2t!<br \/>\n<label style=\"color: black\"> <span class=\"wpcf7-form-control-wrap your-email\"><input type=\"email\" name=\"your-email\" value=\"\" size=\"40\" class=\"wpcf7-form-control wpcf7-text wpcf7-email wpcf7-validates-as-required wpcf7-validates-as-email\" aria-required=\"true\" aria-invalid=\"false\" placeholder=\"E-mail c\u1ee7a qu\u00fd kh\u00e1ch\" \/><\/span> <\/label><\/p>\n<p><!-- Mailchimp for WordPress v4.8.6 - https:\/\/www.mc4wp.com\/ --><input type=\"hidden\" name=\"_mc4wp_subscribe_contact-form-7\" value=\"0\" \/><span class=\" mc4wp-checkbox mc4wp-checkbox-contact-form-7\" ><label><input type=\"checkbox\" name=\"_mc4wp_subscribe_contact-form-7\" value=\"1\" checked=\"checked\" \/><span>Sign me up for the newsletter!<\/span><\/label><\/span><!-- \/ Mailchimp for WordPress --><\/p>\n<p><input type=\"submit\" value=\"\u0110\u0103ng k\u00fd\" class=\"wpcf7-form-control has-spinner wpcf7-submit\" \/><\/p>\n<p style=\"display: none !important;\"><label>&#916;<textarea name=\"_wpcf7_ak_hp_textarea\" cols=\"45\" rows=\"8\" maxlength=\"100\"><\/textarea><\/label><input type=\"hidden\" id=\"ak_js\" name=\"_wpcf7_ak_js\" value=\"91\"\/><script>document.getElementById( \"ak_js\" ).setAttribute( \"value\", ( new Date() ).getTime() );<\/script><\/p><input type='hidden' class='wpcf7-pum' value='{\"closepopup\":false,\"closedelay\":0,\"openpopup\":false,\"openpopup_id\":0}' \/><div class=\"wpcf7-response-output\" aria-hidden=\"true\"><\/div><\/form><\/div><\/p>\n<\/div>\n<p>&nbsp;<br \/>\n&nbsp;<br \/>\n&nbsp;<\/p>\n<\/div><\/div><\/div><\/div><\/div><\/div>","protected":false},"excerpt":{"rendered":"<p>&nbsp; &nbsp; &nbsp; B\u1ea3n tin &nbsp; &nbsp; &nbsp;<\/p>\n","protected":false},"author":75,"featured_media":0,"parent":0,"menu_order":0,"comment_status":"closed","ping_status":"closed","template":"","meta":[],"yoast_head":"<!-- This site is optimized with the Yoast SEO plugin v17.6 - https:\/\/yoast.com\/wordpress\/plugins\/seo\/ -->\n<title>B\u1ea3n tin - Gianni Conti - \u0110\u0103ng k\u00fd \u0111\u1ec3 nh\u1eadn \u0111\u01b0\u1ee3c nh\u1eefng \u01b0u \u0111\u00e3i m\u1edbi nh\u1ea5t!<\/title>\n<meta name=\"description\" content=\"H\u00e3y \u0111\u0103ng k\u00fd nh\u1eadn b\u1ea3n tin c\u1ee7a Gianni Conti \u0111\u1ec3 nh\u1eadn \u0111\u01b0\u1ee3c nh\u1eefng th\u00f4ng tin, \u01b0u \u0111\u00e3i, c\u00e1c ch\u01b0\u01a1ng tr\u00ecnh khuy\u1ebfn m\u00e3i \u0111\u1eb7c bi\u1ec7t nhanh ch\u00f3ng v\u00e0 s\u1edbm nh\u1ea5t!!!\" \/>\n<meta name=\"robots\" content=\"noindex, follow, max-snippet:-1, max-image-preview:large, max-video-preview:-1\" \/>\n<meta property=\"og:locale\" content=\"vi_VN\" \/>\n<meta property=\"og:type\" content=\"article\" \/>\n<meta property=\"og:title\" content=\"B\u1ea3n tin - Gianni Conti - \u0110\u0103ng k\u00fd \u0111\u1ec3 nh\u1eadn \u0111\u01b0\u1ee3c nh\u1eefng \u01b0u \u0111\u00e3i m\u1edbi nh\u1ea5t!\" \/>\n<meta property=\"og:description\" content=\"H\u00e3y \u0111\u0103ng k\u00fd nh\u1eadn b\u1ea3n tin c\u1ee7a Gianni Conti \u0111\u1ec3 nh\u1eadn \u0111\u01b0\u1ee3c nh\u1eefng th\u00f4ng tin, \u01b0u \u0111\u00e3i, c\u00e1c ch\u01b0\u01a1ng tr\u00ecnh khuy\u1ebfn m\u00e3i \u0111\u1eb7c bi\u1ec7t nhanh ch\u00f3ng v\u00e0 s\u1edbm nh\u1ea5t!!!\" \/>\n<meta property=\"og:url\" content=\"https:\/\/gianniconti.com.vn\/vi\/ban-tin\/\" \/>\n<meta property=\"og:site_name\" content=\"Gianni Conti\" \/>\n<meta property=\"article:publisher\" content=\"https:\/\/www.facebook.com\/GianniContiVietnam\/\" \/>\n<meta name=\"twitter:card\" content=\"summary\" \/>\n<script type=\"application\/ld+json\" class=\"yoast-schema-graph\">{\"@context\":\"https:\/\/schema.org\",\"@graph\":[{\"@type\":\"Organization\",\"@id\":\"https:\/\/gianniconti.com.vn\/it\/#organization\",\"name\":\"Gianni Conti\",\"url\":\"https:\/\/gianniconti.com.vn\/it\/\",\"sameAs\":[\"https:\/\/www.facebook.com\/GianniContiVietnam\/\",\"https:\/\/www.instagram.com\/giannicontibags\/\",\"https:\/\/www.youtube.com\/channel\/UCzhP_e1VT_8exZyQuuA3V5A\"],\"logo\":{\"@type\":\"ImageObject\",\"@id\":\"https:\/\/gianniconti.com.vn\/it\/#logo\",\"inLanguage\":\"vi\",\"url\":\"https:\/\/gianniconti.com.vn\/wp-content\/uploads\/2016\/04\/gianni-conti-logo-1.png\",\"contentUrl\":\"https:\/\/gianniconti.com.vn\/wp-content\/uploads\/2016\/04\/gianni-conti-logo-1.png\",\"width\":629,\"height\":212,\"caption\":\"Gianni Conti\"},\"image\":{\"@id\":\"https:\/\/gianniconti.com.vn\/it\/#logo\"}},{\"@type\":\"WebSite\",\"@id\":\"https:\/\/gianniconti.com.vn\/it\/#website\",\"url\":\"https:\/\/gianniconti.com.vn\/it\/\",\"name\":\"Gianni Conti\",\"description\":\"Leather bags and accessories for men and women\",\"publisher\":{\"@id\":\"https:\/\/gianniconti.com.vn\/it\/#organization\"},\"potentialAction\":[{\"@type\":\"SearchAction\",\"target\":{\"@type\":\"EntryPoint\",\"urlTemplate\":\"https:\/\/gianniconti.com.vn\/it\/?s={search_term_string}\"},\"query-input\":\"required name=search_term_string\"}],\"inLanguage\":\"vi\"},{\"@type\":\"WebPage\",\"@id\":\"https:\/\/gianniconti.com.vn\/vi\/ban-tin\/#webpage\",\"url\":\"https:\/\/gianniconti.com.vn\/vi\/ban-tin\/\",\"name\":\"B\\u1ea3n tin - Gianni Conti - \\u0110\\u0103ng k\\u00fd \\u0111\\u1ec3 nh\\u1eadn \\u0111\\u01b0\\u1ee3c nh\\u1eefng \\u01b0u \\u0111\\u00e3i m\\u1edbi nh\\u1ea5t!\",\"isPartOf\":{\"@id\":\"https:\/\/gianniconti.com.vn\/it\/#website\"},\"datePublished\":\"2017-10-11T04:28:03+00:00\",\"dateModified\":\"2017-10-11T04:28:03+00:00\",\"description\":\"H\\u00e3y \\u0111\\u0103ng k\\u00fd nh\\u1eadn b\\u1ea3n tin c\\u1ee7a Gianni Conti \\u0111\\u1ec3 nh\\u1eadn \\u0111\\u01b0\\u1ee3c nh\\u1eefng th\\u00f4ng tin, \\u01b0u \\u0111\\u00e3i, c\\u00e1c ch\\u01b0\\u01a1ng tr\\u00ecnh khuy\\u1ebfn m\\u00e3i \\u0111\\u1eb7c bi\\u1ec7t nhanh ch\\u00f3ng v\\u00e0 s\\u1edbm nh\\u1ea5t!!!\",\"breadcrumb\":{\"@id\":\"https:\/\/gianniconti.com.vn\/vi\/ban-tin\/#breadcrumb\"},\"inLanguage\":\"vi\",\"potentialAction\":[{\"@type\":\"ReadAction\",\"target\":[\"https:\/\/gianniconti.com.vn\/vi\/ban-tin\/\"]}]},{\"@type\":\"BreadcrumbList\",\"@id\":\"https:\/\/gianniconti.com.vn\/vi\/ban-tin\/#breadcrumb\",\"itemListElement\":[{\"@type\":\"ListItem\",\"position\":1,\"name\":\"Home\",\"item\":\"https:\/\/gianniconti.com.vn\/vi\/\"},{\"@type\":\"ListItem\",\"position\":2,\"name\":\"B\\u1ea3n tin\"}]}]}<\/script>\n<!-- \/ Yoast SEO plugin. -->","yoast_head_json":{"title":"B\u1ea3n tin - Gianni Conti - \u0110\u0103ng k\u00fd \u0111\u1ec3 nh\u1eadn \u0111\u01b0\u1ee3c nh\u1eefng \u01b0u \u0111\u00e3i m\u1edbi nh\u1ea5t!","description":"H\u00e3y \u0111\u0103ng k\u00fd nh\u1eadn b\u1ea3n tin c\u1ee7a Gianni Conti \u0111\u1ec3 nh\u1eadn \u0111\u01b0\u1ee3c nh\u1eefng th\u00f4ng tin, \u01b0u \u0111\u00e3i, c\u00e1c ch\u01b0\u01a1ng tr\u00ecnh khuy\u1ebfn m\u00e3i \u0111\u1eb7c bi\u1ec7t nhanh ch\u00f3ng v\u00e0 s\u1edbm nh\u1ea5t!!!","robots":{"index":"noindex","follow":"follow","max-snippet":"max-snippet:-1","max-image-preview":"max-image-preview:large","max-video-preview":"max-video-preview:-1"},"og_locale":"vi_VN","og_type":"article","og_title":"B\u1ea3n tin - Gianni Conti - \u0110\u0103ng k\u00fd \u0111\u1ec3 nh\u1eadn \u0111\u01b0\u1ee3c nh\u1eefng \u01b0u \u0111\u00e3i m\u1edbi nh\u1ea5t!","og_description":"H\u00e3y \u0111\u0103ng k\u00fd nh\u1eadn b\u1ea3n tin c\u1ee7a Gianni Conti \u0111\u1ec3 nh\u1eadn \u0111\u01b0\u1ee3c nh\u1eefng th\u00f4ng tin, \u01b0u \u0111\u00e3i, c\u00e1c ch\u01b0\u01a1ng tr\u00ecnh khuy\u1ebfn m\u00e3i \u0111\u1eb7c bi\u1ec7t nhanh ch\u00f3ng v\u00e0 s\u1edbm nh\u1ea5t!!!","og_url":"https:\/\/gianniconti.com.vn\/vi\/ban-tin\/","og_site_name":"Gianni Conti","article_publisher":"https:\/\/www.facebook.com\/GianniContiVietnam\/","twitter_card":"summary","schema":{"@context":"https:\/\/schema.org","@graph":[{"@type":"Organization","@id":"https:\/\/gianniconti.com.vn\/it\/#organization","name":"Gianni Conti","url":"https:\/\/gianniconti.com.vn\/it\/","sameAs":["https:\/\/www.facebook.com\/GianniContiVietnam\/","https:\/\/www.instagram.com\/giannicontibags\/","https:\/\/www.youtube.com\/channel\/UCzhP_e1VT_8exZyQuuA3V5A"],"logo":{"@type":"ImageObject","@id":"https:\/\/gianniconti.com.vn\/it\/#logo","inLanguage":"vi","url":"https:\/\/gianniconti.com.vn\/wp-content\/uploads\/2016\/04\/gianni-conti-logo-1.png","contentUrl":"https:\/\/gianniconti.com.vn\/wp-content\/uploads\/2016\/04\/gianni-conti-logo-1.png","width":629,"height":212,"caption":"Gianni Conti"},"image":{"@id":"https:\/\/gianniconti.com.vn\/it\/#logo"}},{"@type":"WebSite","@id":"https:\/\/gianniconti.com.vn\/it\/#website","url":"https:\/\/gianniconti.com.vn\/it\/","name":"Gianni Conti","description":"Leather bags and accessories for men and women","publisher":{"@id":"https:\/\/gianniconti.com.vn\/it\/#organization"},"potentialAction":[{"@type":"SearchAction","target":{"@type":"EntryPoint","urlTemplate":"https:\/\/gianniconti.com.vn\/it\/?s={search_term_string}"},"query-input":"required name=search_term_string"}],"inLanguage":"vi"},{"@type":"WebPage","@id":"https:\/\/gianniconti.com.vn\/vi\/ban-tin\/#webpage","url":"https:\/\/gianniconti.com.vn\/vi\/ban-tin\/","name":"B\u1ea3n tin - Gianni Conti - \u0110\u0103ng k\u00fd \u0111\u1ec3 nh\u1eadn \u0111\u01b0\u1ee3c nh\u1eefng \u01b0u \u0111\u00e3i m\u1edbi nh\u1ea5t!","isPartOf":{"@id":"https:\/\/gianniconti.com.vn\/it\/#website"},"datePublished":"2017-10-11T04:28:03+00:00","dateModified":"2017-10-11T04:28:03+00:00","description":"H\u00e3y \u0111\u0103ng k\u00fd nh\u1eadn b\u1ea3n tin c\u1ee7a Gianni Conti \u0111\u1ec3 nh\u1eadn \u0111\u01b0\u1ee3c nh\u1eefng th\u00f4ng tin, \u01b0u \u0111\u00e3i, c\u00e1c ch\u01b0\u01a1ng tr\u00ecnh khuy\u1ebfn m\u00e3i \u0111\u1eb7c bi\u1ec7t nhanh ch\u00f3ng v\u00e0 s\u1edbm nh\u1ea5t!!!","breadcrumb":{"@id":"https:\/\/gianniconti.com.vn\/vi\/ban-tin\/#breadcrumb"},"inLanguage":"vi","potentialAction":[{"@type":"ReadAction","target":["https:\/\/gianniconti.com.vn\/vi\/ban-tin\/"]}]},{"@type":"BreadcrumbList","@id":"https:\/\/gianniconti.com.vn\/vi\/ban-tin\/#breadcrumb","itemListElement":[{"@type":"ListItem","position":1,"name":"Home","item":"https:\/\/gianniconti.com.vn\/vi\/"},{"@type":"ListItem","position":2,"name":"B\u1ea3n tin"}]}]}},"_links":{"self":[{"href":"https:\/\/gianniconti.com.vn\/vi\/wp-json\/wp\/v2\/pages\/7541"}],"collection":[{"href":"https:\/\/gianniconti.com.vn\/vi\/wp-json\/wp\/v2\/pages"}],"about":[{"href":"https:\/\/gianniconti.com.vn\/vi\/wp-json\/wp\/v2\/types\/page"}],"author":[{"embeddable":true,"href":"https:\/\/gianniconti.com.vn\/vi\/wp-json\/wp\/v2\/users\/75"}],"replies":[{"embeddable":true,"href":"https:\/\/gianniconti.com.vn\/vi\/wp-json\/wp\/v2\/comments?post=7541"}],"version-history":[{"count":6,"href":"https:\/\/gianniconti.com.vn\/vi\/wp-json\/wp\/v2\/pages\/7541\/revisions"}],"predecessor-version":[{"id":7547,"href":"https:\/\/gianniconti.com.vn\/vi\/wp-json\/wp\/v2\/pages\/7541\/revisions\/7547"}],"wp:attachment":[{"href":"https:\/\/gianniconti.com.vn\/vi\/wp-json\/wp\/v2\/media?parent=7541"}],"curies":[{"name":"wp","href":"https:\/\/api.w.org\/{rel}","templated":true}]}}