{"id":7174,"date":"2017-08-24T16:09:43","date_gmt":"2017-08-24T09:09:43","guid":{"rendered":"https:\/\/gianniconti.com.vn\/?page_id=7174\/"},"modified":"2017-08-24T16:09:43","modified_gmt":"2017-08-24T09:09:43","slug":"khach-hang-doanh-nghiep","status":"publish","type":"page","link":"https:\/\/gianniconti.com.vn\/vi\/khach-hang-doanh-nghiep\/","title":{"rendered":"Kh\u00e1ch h\u00e0ng doanh nghi\u1ec7p"},"content":{"rendered":"<div id=\"pl-7174\"  class=\"panel-layout\" ><div id=\"pg-7174-0\"  class=\"panel-grid panel-has-style\" ><div class=\"panel-row-style panel-row-style-for-7174-0\" ><div id=\"pgc-7174-0-0\"  class=\"panel-grid-cell\" ><div id=\"panel-7174-0-0-0\" class=\"so-panel widget widget_siteorigin-panels-builder panel-first-child\" data-index=\"0\" ><div class=\"our-store-bg panel-widget-style panel-widget-style-for-7174-0-0-0\" ><div id=\"pl-w599e97d7e3c20\"  class=\"panel-layout\" ><div id=\"pg-w599e97d7e3c20-0\"  class=\"panel-grid panel-no-style\" ><div id=\"pgc-w599e97d7e3c20-0-0\"  class=\"panel-grid-cell\" ><div id=\"panel-w599e97d7e3c20-0-0-0\" class=\"so-panel widget widget_black-studio-tinymce widget_black_studio_tinymce panel-first-child panel-last-child\" data-index=\"0\" ><div class=\"panel-widget-style panel-widget-style-for-w599e97d7e3c20-0-0-0\" ><div class=\"textwidget\"><div class=\"our-store\">\n<h2>Kh\u00e1ch h\u00e0ng doanh nghi\u1ec7p<\/h2>\n<\/div>\n<\/div><\/div><\/div><\/div><\/div><\/div><\/div><\/div><div id=\"panel-7174-0-0-1\" class=\"so-panel widget widget_siteorigin-panels-builder\" data-index=\"1\" ><div class=\"special-about panel-widget-style panel-widget-style-for-7174-0-0-1\" ><div id=\"pl-w599e97d7e3d64\"  class=\"panel-layout\" ><div id=\"pg-w599e97d7e3d64-0\"  class=\"panel-grid panel-no-style\" ><div id=\"pgc-w599e97d7e3d64-0-0\"  class=\"panel-grid-cell\" ><div id=\"panel-w599e97d7e3d64-0-0-0\" class=\"so-panel widget widget_black-studio-tinymce widget_black_studio_tinymce panel-first-child panel-last-child\" data-index=\"0\" ><div class=\"textwidget\"><p style=\"text-align: justify;\">Hi\u1ec3u \u0111\u01b0\u1ee3c t\u00e2m l\u00fd c\u1ee7a c\u00e1c c\u00f4ng ty, doanh nghi\u1ec7p lu\u00f4n mu\u1ed1n t\u00ecm ki\u1ebfm, l\u1ef1a ch\u1ecdn nh\u1eefng m\u00f3n qu\u00e0 t\u1eb7ng, qu\u00e0 bi\u1ebfu ch\u1ea5t l\u01b0\u1ee3ng cho \u0111\u1ed1i t\u00e1c hay nh\u00e2n vi\u00ean trong c\u00e1c d\u1ecbp sinh nh\u1eadt, k\u1ef7 ni\u1ec7m\u2026 Gianni Conti t\u1ea1i Vi\u1ec7t Nam cung c\u1ea5p c\u00e1c gi\u1ea3i ph\u00e1p t\u1ed1i \u01b0u nh\u1ea5t c\u00f9ng m\u1ee9c gi\u00e1 h\u1ea5p d\u1eabn d\u00e0nh cho c\u00e1c \u0111\u1ed1i t\u00e1c, kh\u00e1ch h\u00e0ng doanh nghi\u1ec7p v\u1edbi nh\u1eefng s\u1ea3n ph\u1ea9m gi\u00e0y, t\u00fai x\u00e1ch, ph\u1ee5 ki\u1ec7n da ch\u1ea5t l\u01b0\u1ee3ng, sang tr\u1ecdng, cao c\u1ea5p c\u1ee7a th\u01b0\u01a1ng hi\u1ec7u n\u1ed5i ti\u1ebfng l\u00e2u \u0111\u1eddi \u0111\u1ebfn t\u1eeb \u00dd.<\/p>\n<p style=\"text-align: left;\">Ho\u1eb7c \u0111\u01a1n gi\u1ea3n v\u1edbi b\u1ea5t k\u1ef3 \u00fd t\u01b0\u1edfng hay y\u00eau c\u1ea7u \u0111\u1eb7c bi\u1ec7t n\u00e0o, xin vui l\u00f2ng cho ch\u00fang t\u00f4i bi\u1ebft v\u00e0 ch\u1eafc ch\u1eafn ch\u00fang t\u00f4i s\u1ebd kh\u00f4ng \u0111\u1ec3 cho qu\u00fd kh\u00e1ch h\u00e0ng ph\u1ea3i th\u1ea5t v\u1ecdng!<\/p>\n<\/div><\/div><\/div><\/div><\/div><\/div><\/div><div id=\"panel-7174-0-0-2\" class=\"so-panel widget widget_black-studio-tinymce widget_black_studio_tinymce\" data-index=\"2\" ><div class=\"panel-widget-style panel-widget-style-for-7174-0-0-2\" ><div class=\"textwidget\"><h3 style=\"text-align: Left;\">Vui l\u00f2ng li\u00ean h\u1ec7<\/h3>\n<div class=\"row\">\n<div class=\"col-lg-6 col-md-6 col-sm-12 col-xs-12\">\n<dl><\/dl>\n<h4 style=\"text-align: left;\">Ms. Uy\u00ean<\/h4>\n<dl style=\"text-align: left;\">\n<dt>Sale Deparment<\/dt>\n<dt><i class=\"fa fa-phone\"> +84 98 262 7848<\/i><\/dt>\n<dt><i class=\"fa fa-envelope\"> amy@italianproductions.vn <\/i><\/dt>\n<\/dl>\n<\/div>\n<div class=\"col-lg-6 col-md-6 col-sm-12 col-xs-12\">\n<dl><\/dl>\n<h4 style=\"text-align: left;\">Ms. Ng\u1ecdc<\/h4>\n<dl style=\"text-align: left;\">\n<dt>Sale Deparment<\/dt>\n<dt><i class=\"fa fa-phone\"> +84 98 262 7848<\/i><\/dt>\n<dt><i class=\"fa fa-envelope\"> ngocnguyen@italianproductions.vn <\/i><\/dt>\n<\/dl>\n<\/div>\n<\/div>\n<\/div><\/div><\/div><div id=\"panel-7174-0-0-3\" class=\"so-panel widget widget_black-studio-tinymce widget_black_studio_tinymce panel-last-child\" data-index=\"3\" ><div class=\"textwidget\"><p><img class=\"alignnone size-full wp-image-6944\" src=\"https:\/\/gianniconti.com.vn\/wp-content\/uploads\/2017\/08\/Set-Black-2-2.jpg\" alt=\"gianni conti kh\u00e1ch h\u00e0ng doanh nghi\u1ec7p\" \/><br \/>\n<img class=\"alignnone size-full wp-image-6944\" src=\"https:\/\/gianniconti.com.vn\/wp-content\/uploads\/2017\/08\/Set-Brown-1-7-2.jpg\" alt=\"gianni conti kh\u00e1ch h\u00e0ng doanh nghi\u1ec7p\" \/><br \/>\n<img class=\"alignnone size-full wp-image-6944\" src=\"https:\/\/gianniconti.com.vn\/wp-content\/uploads\/2017\/08\/Set-Blue-2-13-1.jpg\" alt=\"gianni conti kh\u00e1ch h\u00e0ng doanh nghi\u1ec7p\" \/><\/p>\n<\/div><\/div><\/div><div id=\"pgc-7174-0-1\"  class=\"panel-grid-cell\" ><div id=\"panel-7174-0-1-0\" class=\"so-panel widget widget_look_facebook_widget panel-first-child panel-last-child\" data-index=\"4\" ><div class=\"visible-sm visible-md visible-lg our-facebook panel-widget-style panel-widget-style-for-7174-0-1-0\" >\t\t\t\t<div class=\"fb-page-widget\">\n\t\t\t\t\t<div class=\"fb-page\"\n\t\t\t\t\t\tdata-href=\"https:\/\/www.facebook.com\/giannicontibags\/\"\n\t\t\t\t\t\tdata-tabs=\"timeline\"\n\t\t\t\t\t\t\t\t\t\t\t\tdata-height=\"1000\"\t\t\t\t\t\tdata-small-header=\"false\"\n\t\t\t\t\t\tdata-adapt-container-width=\"true\"\n\t\t\t\t\t\tdata-hide-cover=\"false\"\n\t\t\t\t\t\tdata-show-facepile=\"true\">\n\t\t\t\t\t\t<blockquote cite=\"https:\/\/www.facebook.com\/giannicontibags\/\" class=\"fb-xfbml-parse-ignore\"><a href=\"https:\/\/www.facebook.com\/giannicontibags\/\"><\/a><\/blockquote>\n\t\t\t\t\t<\/div>\n\t\t\t\t<\/div>\n\t\t\t<\/div><\/div><\/div><\/div><\/div><\/div>","protected":false},"excerpt":{"rendered":"<p>Vui l\u00f2ng li\u00ean h\u1ec7 Ms. Uy\u00ean Sale Deparment +84 98 262 7848 amy@italianproductions.vn Ms. Ng\u1ecdc Sale Deparment +84 98 262 7848 ngocnguyen@italianproductions.vn<\/p>\n","protected":false},"author":75,"featured_media":0,"parent":0,"menu_order":0,"comment_status":"closed","ping_status":"closed","template":"","meta":[],"yoast_head":"<!-- This site is optimized with the Yoast SEO plugin v17.6 - https:\/\/yoast.com\/wordpress\/plugins\/seo\/ -->\n<title>Kh\u00e1ch h\u00e0ng doanh nghi\u1ec7p - Gianni Conti - Th\u01b0\u01a1ng hi\u1ec7u n\u1ed5i ti\u1ebfng Italy<\/title>\n<meta name=\"description\" content=\"Nh\u1eefng gi\u1ea3i ph\u00e1p t\u1ed1t nh\u1ea5t d\u00e0nh cho kh\u00e1ch h\u00e0ng doanh nghi\u1ec7p \u0111\u1ebfn t\u1eeb Gianni Conti - Th\u01b0\u01a1ng hi\u1ec7u th\u1eddi trang t\u00fai v\u00e0 ph\u1ee5 ki\u1ec7n da n\u1ed5i ti\u1ebfng Italy t\u1eeb 1920.\" \/>\n<meta name=\"robots\" content=\"noindex, follow, max-snippet:-1, max-image-preview:large, max-video-preview:-1\" \/>\n<meta property=\"og:locale\" content=\"vi_VN\" \/>\n<meta property=\"og:type\" content=\"article\" \/>\n<meta property=\"og:title\" content=\"Kh\u00e1ch h\u00e0ng doanh nghi\u1ec7p - Gianni Conti - Th\u01b0\u01a1ng hi\u1ec7u n\u1ed5i ti\u1ebfng Italy\" \/>\n<meta property=\"og:description\" content=\"Nh\u1eefng gi\u1ea3i ph\u00e1p t\u1ed1t nh\u1ea5t d\u00e0nh cho kh\u00e1ch h\u00e0ng doanh nghi\u1ec7p \u0111\u1ebfn t\u1eeb Gianni Conti - Th\u01b0\u01a1ng hi\u1ec7u th\u1eddi trang t\u00fai v\u00e0 ph\u1ee5 ki\u1ec7n da n\u1ed5i ti\u1ebfng Italy t\u1eeb 1920.\" \/>\n<meta property=\"og:url\" content=\"https:\/\/gianniconti.com.vn\/vi\/khach-hang-doanh-nghiep\/\" \/>\n<meta property=\"og:site_name\" content=\"Gianni Conti\" \/>\n<meta property=\"article:publisher\" content=\"https:\/\/www.facebook.com\/GianniContiVietnam\/\" \/>\n<meta property=\"og:image\" content=\"https:\/\/gianniconti.com.vn\/wp-content\/uploads\/2017\/08\/Set-Black-2-2.jpg\" \/>\n<meta name=\"twitter:card\" content=\"summary\" \/>\n<meta name=\"twitter:label1\" content=\"\u01af\u1edbc t\u00ednh th\u1eddi gian \u0111\u1ecdc\" \/>\n\t<meta name=\"twitter:data1\" content=\"1 ph\u00fat\" \/>\n<script type=\"application\/ld+json\" class=\"yoast-schema-graph\">{\"@context\":\"https:\/\/schema.org\",\"@graph\":[{\"@type\":\"Organization\",\"@id\":\"https:\/\/gianniconti.com.vn\/it\/#organization\",\"name\":\"Gianni Conti\",\"url\":\"https:\/\/gianniconti.com.vn\/it\/\",\"sameAs\":[\"https:\/\/www.facebook.com\/GianniContiVietnam\/\",\"https:\/\/www.instagram.com\/giannicontibags\/\",\"https:\/\/www.youtube.com\/channel\/UCzhP_e1VT_8exZyQuuA3V5A\"],\"logo\":{\"@type\":\"ImageObject\",\"@id\":\"https:\/\/gianniconti.com.vn\/it\/#logo\",\"inLanguage\":\"vi\",\"url\":\"https:\/\/gianniconti.com.vn\/wp-content\/uploads\/2016\/04\/gianni-conti-logo-1.png\",\"contentUrl\":\"https:\/\/gianniconti.com.vn\/wp-content\/uploads\/2016\/04\/gianni-conti-logo-1.png\",\"width\":629,\"height\":212,\"caption\":\"Gianni Conti\"},\"image\":{\"@id\":\"https:\/\/gianniconti.com.vn\/it\/#logo\"}},{\"@type\":\"WebSite\",\"@id\":\"https:\/\/gianniconti.com.vn\/it\/#website\",\"url\":\"https:\/\/gianniconti.com.vn\/it\/\",\"name\":\"Gianni Conti\",\"description\":\"Leather bags and accessories for men and women\",\"publisher\":{\"@id\":\"https:\/\/gianniconti.com.vn\/it\/#organization\"},\"potentialAction\":[{\"@type\":\"SearchAction\",\"target\":{\"@type\":\"EntryPoint\",\"urlTemplate\":\"https:\/\/gianniconti.com.vn\/it\/?s={search_term_string}\"},\"query-input\":\"required name=search_term_string\"}],\"inLanguage\":\"vi\"},{\"@type\":\"ImageObject\",\"@id\":\"https:\/\/gianniconti.com.vn\/vi\/khach-hang-doanh-nghiep\/#primaryimage\",\"inLanguage\":\"vi\",\"url\":\"https:\/\/gianniconti.com.vn\/wp-content\/uploads\/2017\/08\/Set-Black-2-2.jpg\",\"contentUrl\":\"https:\/\/gianniconti.com.vn\/wp-content\/uploads\/2017\/08\/Set-Black-2-2.jpg\",\"width\":2048,\"height\":1367},{\"@type\":\"WebPage\",\"@id\":\"https:\/\/gianniconti.com.vn\/vi\/khach-hang-doanh-nghiep\/#webpage\",\"url\":\"https:\/\/gianniconti.com.vn\/vi\/khach-hang-doanh-nghiep\/\",\"name\":\"Kh\\u00e1ch h\\u00e0ng doanh nghi\\u1ec7p - Gianni Conti - Th\\u01b0\\u01a1ng hi\\u1ec7u n\\u1ed5i ti\\u1ebfng Italy\",\"isPartOf\":{\"@id\":\"https:\/\/gianniconti.com.vn\/it\/#website\"},\"primaryImageOfPage\":{\"@id\":\"https:\/\/gianniconti.com.vn\/vi\/khach-hang-doanh-nghiep\/#primaryimage\"},\"datePublished\":\"2017-08-24T09:09:43+00:00\",\"dateModified\":\"2017-08-24T09:09:43+00:00\",\"description\":\"Nh\\u1eefng gi\\u1ea3i ph\\u00e1p t\\u1ed1t nh\\u1ea5t d\\u00e0nh cho kh\\u00e1ch h\\u00e0ng doanh nghi\\u1ec7p \\u0111\\u1ebfn t\\u1eeb Gianni Conti - Th\\u01b0\\u01a1ng hi\\u1ec7u th\\u1eddi trang t\\u00fai v\\u00e0 ph\\u1ee5 ki\\u1ec7n da n\\u1ed5i ti\\u1ebfng Italy t\\u1eeb 1920.\",\"breadcrumb\":{\"@id\":\"https:\/\/gianniconti.com.vn\/vi\/khach-hang-doanh-nghiep\/#breadcrumb\"},\"inLanguage\":\"vi\",\"potentialAction\":[{\"@type\":\"ReadAction\",\"target\":[\"https:\/\/gianniconti.com.vn\/vi\/khach-hang-doanh-nghiep\/\"]}]},{\"@type\":\"BreadcrumbList\",\"@id\":\"https:\/\/gianniconti.com.vn\/vi\/khach-hang-doanh-nghiep\/#breadcrumb\",\"itemListElement\":[{\"@type\":\"ListItem\",\"position\":1,\"name\":\"Home\",\"item\":\"https:\/\/gianniconti.com.vn\/vi\/\"},{\"@type\":\"ListItem\",\"position\":2,\"name\":\"Kh\\u00e1ch h\\u00e0ng doanh nghi\\u1ec7p\"}]}]}<\/script>\n<!-- \/ Yoast SEO plugin. -->","yoast_head_json":{"title":"Kh\u00e1ch h\u00e0ng doanh nghi\u1ec7p - Gianni Conti - Th\u01b0\u01a1ng hi\u1ec7u n\u1ed5i ti\u1ebfng Italy","description":"Nh\u1eefng gi\u1ea3i ph\u00e1p t\u1ed1t nh\u1ea5t d\u00e0nh cho kh\u00e1ch h\u00e0ng doanh nghi\u1ec7p \u0111\u1ebfn t\u1eeb Gianni Conti - Th\u01b0\u01a1ng hi\u1ec7u th\u1eddi trang t\u00fai v\u00e0 ph\u1ee5 ki\u1ec7n da n\u1ed5i ti\u1ebfng Italy t\u1eeb 1920.","robots":{"index":"noindex","follow":"follow","max-snippet":"max-snippet:-1","max-image-preview":"max-image-preview:large","max-video-preview":"max-video-preview:-1"},"og_locale":"vi_VN","og_type":"article","og_title":"Kh\u00e1ch h\u00e0ng doanh nghi\u1ec7p - Gianni Conti - Th\u01b0\u01a1ng hi\u1ec7u n\u1ed5i ti\u1ebfng Italy","og_description":"Nh\u1eefng gi\u1ea3i ph\u00e1p t\u1ed1t nh\u1ea5t d\u00e0nh cho kh\u00e1ch h\u00e0ng doanh nghi\u1ec7p \u0111\u1ebfn t\u1eeb Gianni Conti - Th\u01b0\u01a1ng hi\u1ec7u th\u1eddi trang t\u00fai v\u00e0 ph\u1ee5 ki\u1ec7n da n\u1ed5i ti\u1ebfng Italy t\u1eeb 1920.","og_url":"https:\/\/gianniconti.com.vn\/vi\/khach-hang-doanh-nghiep\/","og_site_name":"Gianni Conti","article_publisher":"https:\/\/www.facebook.com\/GianniContiVietnam\/","og_image":[{"url":"https:\/\/gianniconti.com.vn\/wp-content\/uploads\/2017\/08\/Set-Black-2-2.jpg"}],"twitter_card":"summary","twitter_misc":{"\u01af\u1edbc t\u00ednh th\u1eddi gian \u0111\u1ecdc":"1 ph\u00fat"},"schema":{"@context":"https:\/\/schema.org","@graph":[{"@type":"Organization","@id":"https:\/\/gianniconti.com.vn\/it\/#organization","name":"Gianni Conti","url":"https:\/\/gianniconti.com.vn\/it\/","sameAs":["https:\/\/www.facebook.com\/GianniContiVietnam\/","https:\/\/www.instagram.com\/giannicontibags\/","https:\/\/www.youtube.com\/channel\/UCzhP_e1VT_8exZyQuuA3V5A"],"logo":{"@type":"ImageObject","@id":"https:\/\/gianniconti.com.vn\/it\/#logo","inLanguage":"vi","url":"https:\/\/gianniconti.com.vn\/wp-content\/uploads\/2016\/04\/gianni-conti-logo-1.png","contentUrl":"https:\/\/gianniconti.com.vn\/wp-content\/uploads\/2016\/04\/gianni-conti-logo-1.png","width":629,"height":212,"caption":"Gianni Conti"},"image":{"@id":"https:\/\/gianniconti.com.vn\/it\/#logo"}},{"@type":"WebSite","@id":"https:\/\/gianniconti.com.vn\/it\/#website","url":"https:\/\/gianniconti.com.vn\/it\/","name":"Gianni Conti","description":"Leather bags and accessories for men and women","publisher":{"@id":"https:\/\/gianniconti.com.vn\/it\/#organization"},"potentialAction":[{"@type":"SearchAction","target":{"@type":"EntryPoint","urlTemplate":"https:\/\/gianniconti.com.vn\/it\/?s={search_term_string}"},"query-input":"required name=search_term_string"}],"inLanguage":"vi"},{"@type":"ImageObject","@id":"https:\/\/gianniconti.com.vn\/vi\/khach-hang-doanh-nghiep\/#primaryimage","inLanguage":"vi","url":"https:\/\/gianniconti.com.vn\/wp-content\/uploads\/2017\/08\/Set-Black-2-2.jpg","contentUrl":"https:\/\/gianniconti.com.vn\/wp-content\/uploads\/2017\/08\/Set-Black-2-2.jpg","width":2048,"height":1367},{"@type":"WebPage","@id":"https:\/\/gianniconti.com.vn\/vi\/khach-hang-doanh-nghiep\/#webpage","url":"https:\/\/gianniconti.com.vn\/vi\/khach-hang-doanh-nghiep\/","name":"Kh\u00e1ch h\u00e0ng doanh nghi\u1ec7p - Gianni Conti - Th\u01b0\u01a1ng hi\u1ec7u n\u1ed5i ti\u1ebfng Italy","isPartOf":{"@id":"https:\/\/gianniconti.com.vn\/it\/#website"},"primaryImageOfPage":{"@id":"https:\/\/gianniconti.com.vn\/vi\/khach-hang-doanh-nghiep\/#primaryimage"},"datePublished":"2017-08-24T09:09:43+00:00","dateModified":"2017-08-24T09:09:43+00:00","description":"Nh\u1eefng gi\u1ea3i ph\u00e1p t\u1ed1t nh\u1ea5t d\u00e0nh cho kh\u00e1ch h\u00e0ng doanh nghi\u1ec7p \u0111\u1ebfn t\u1eeb Gianni Conti - Th\u01b0\u01a1ng hi\u1ec7u th\u1eddi trang t\u00fai v\u00e0 ph\u1ee5 ki\u1ec7n da n\u1ed5i ti\u1ebfng Italy t\u1eeb 1920.","breadcrumb":{"@id":"https:\/\/gianniconti.com.vn\/vi\/khach-hang-doanh-nghiep\/#breadcrumb"},"inLanguage":"vi","potentialAction":[{"@type":"ReadAction","target":["https:\/\/gianniconti.com.vn\/vi\/khach-hang-doanh-nghiep\/"]}]},{"@type":"BreadcrumbList","@id":"https:\/\/gianniconti.com.vn\/vi\/khach-hang-doanh-nghiep\/#breadcrumb","itemListElement":[{"@type":"ListItem","position":1,"name":"Home","item":"https:\/\/gianniconti.com.vn\/vi\/"},{"@type":"ListItem","position":2,"name":"Kh\u00e1ch h\u00e0ng doanh nghi\u1ec7p"}]}]}},"_links":{"self":[{"href":"https:\/\/gianniconti.com.vn\/vi\/wp-json\/wp\/v2\/pages\/7174"}],"collection":[{"href":"https:\/\/gianniconti.com.vn\/vi\/wp-json\/wp\/v2\/pages"}],"about":[{"href":"https:\/\/gianniconti.com.vn\/vi\/wp-json\/wp\/v2\/types\/page"}],"author":[{"embeddable":true,"href":"https:\/\/gianniconti.com.vn\/vi\/wp-json\/wp\/v2\/users\/75"}],"replies":[{"embeddable":true,"href":"https:\/\/gianniconti.com.vn\/vi\/wp-json\/wp\/v2\/comments?post=7174"}],"version-history":[{"count":2,"href":"https:\/\/gianniconti.com.vn\/vi\/wp-json\/wp\/v2\/pages\/7174\/revisions"}],"predecessor-version":[{"id":7177,"href":"https:\/\/gianniconti.com.vn\/vi\/wp-json\/wp\/v2\/pages\/7174\/revisions\/7177"}],"wp:attachment":[{"href":"https:\/\/gianniconti.com.vn\/vi\/wp-json\/wp\/v2\/media?parent=7174"}],"curies":[{"name":"wp","href":"https:\/\/api.w.org\/{rel}","templated":true}]}}