{"id":7123,"date":"2017-08-24T13:39:42","date_gmt":"2017-08-24T06:39:42","guid":{"rendered":"https:\/\/gianniconti.com.vn\/?page_id=7123\/"},"modified":"2017-11-01T15:38:07","modified_gmt":"2017-11-01T08:38:07","slug":"doi-tac","status":"publish","type":"page","link":"https:\/\/gianniconti.com.vn\/vi\/doi-tac\/","title":{"rendered":"D\u00e0nh cho \u0111\u1ed1i t\u00e1c"},"content":{"rendered":"<div id=\"pl-7743\"  class=\"panel-layout\" ><div id=\"pg-7743-0\"  class=\"panel-grid panel-no-style\" ><div id=\"pgc-7743-0-0\"  class=\"panel-grid-cell\" ><div id=\"panel-7743-0-0-0\" class=\"so-panel widget widget_black-studio-tinymce widget_black_studio_tinymce panel-first-child panel-last-child\" data-index=\"0\" ><div class=\"panel-widget-style panel-widget-style-for-7743-0-0-0\" ><div class=\"textwidget\"><p><a href=\"https:\/\/gianniconti.com.vn\/vi\/danh-cho-nha-phan-phoi\/\"><\/p>\n<div class=\"our-store\">\n<h2>\n<p style=\"color: white\">D\u00e0nh cho nh\u00e0 ph\u00e2n ph\u1ed1i<\/p>\n<\/h2>\n<\/div>\n<p><\/a><\/p>\n<\/div><\/div><\/div><\/div><div id=\"pgc-7743-0-1\"  class=\"panel-grid-cell\" ><div id=\"panel-7743-0-1-0\" class=\"so-panel widget widget_black-studio-tinymce widget_black_studio_tinymce panel-first-child panel-last-child\" data-index=\"1\" ><div class=\"panel-widget-style panel-widget-style-for-7743-0-1-0\" ><div class=\"textwidget\"><p><a href=\"https:\/\/gianniconti.com.vn\/vi\/khach-hang-doanh-nghiep\/\"><\/p>\n<div class=\"our-store\">\n<h2>\n<p style=\"color: white\">Kh\u00e1ch h\u00e0ng doanh nghi\u1ec7p<\/p>\n<\/h2>\n<\/div>\n<p><\/a><\/p>\n<\/div><\/div><\/div><\/div><\/div><\/div>","protected":false},"excerpt":{"rendered":"<p>D\u00e0nh cho nh\u00e0 ph\u00e2n ph\u1ed1i Kh\u00e1ch h\u00e0ng doanh nghi\u1ec7p<\/p>\n","protected":false},"author":75,"featured_media":0,"parent":0,"menu_order":0,"comment_status":"closed","ping_status":"closed","template":"","meta":[],"yoast_head":"<!-- This site is optimized with the Yoast SEO plugin v17.6 - https:\/\/yoast.com\/wordpress\/plugins\/seo\/ -->\n<title>D\u00e0nh cho \u0111\u1ed1i t\u00e1c - Gianni Conti - Th\u01b0\u01a1ng hi\u1ec7u \u0111\u1ed3 da n\u1ed5i ti\u1ebfng Italy t\u1eeb 1920<\/title>\n<meta name=\"description\" content=\"H\u00e3y li\u00ean h\u1ec7 v\u1edbi ch\u00fang t\u00f4i \u0111\u1ec3 tr\u1edf th\u00e0nh \u0111\u1ed1i t\u00e1c, nh\u00e0 ph\u00e2n ph\u1ed1i \u1ee7y quy\u1ec1n c\u1ee7a Gianni Conti - Th\u01b0\u01a1ng hi\u1ec7u t\u00fai v\u00e0 ph\u1ee5 ki\u1ec7n da n\u1ed5i ti\u1ebfng Italy t\u1eeb 1920\" \/>\n<meta name=\"robots\" content=\"noindex, follow, max-snippet:-1, max-image-preview:large, max-video-preview:-1\" \/>\n<meta property=\"og:locale\" content=\"vi_VN\" \/>\n<meta property=\"og:type\" content=\"article\" \/>\n<meta property=\"og:title\" content=\"D\u00e0nh cho \u0111\u1ed1i t\u00e1c - Gianni Conti - Th\u01b0\u01a1ng hi\u1ec7u \u0111\u1ed3 da n\u1ed5i ti\u1ebfng Italy t\u1eeb 1920\" \/>\n<meta property=\"og:description\" content=\"H\u00e3y li\u00ean h\u1ec7 v\u1edbi ch\u00fang t\u00f4i \u0111\u1ec3 tr\u1edf th\u00e0nh \u0111\u1ed1i t\u00e1c, nh\u00e0 ph\u00e2n ph\u1ed1i \u1ee7y quy\u1ec1n c\u1ee7a Gianni Conti - Th\u01b0\u01a1ng hi\u1ec7u t\u00fai v\u00e0 ph\u1ee5 ki\u1ec7n da n\u1ed5i ti\u1ebfng Italy t\u1eeb 1920\" \/>\n<meta property=\"og:url\" content=\"https:\/\/gianniconti.com.vn\/vi\/doi-tac\/\" \/>\n<meta property=\"og:site_name\" content=\"Gianni Conti\" \/>\n<meta property=\"article:publisher\" content=\"https:\/\/www.facebook.com\/GianniContiVietnam\/\" \/>\n<meta property=\"article:modified_time\" content=\"2017-11-01T08:38:07+00:00\" \/>\n<meta name=\"twitter:card\" content=\"summary\" \/>\n<script type=\"application\/ld+json\" class=\"yoast-schema-graph\">{\"@context\":\"https:\/\/schema.org\",\"@graph\":[{\"@type\":\"Organization\",\"@id\":\"https:\/\/gianniconti.com.vn\/it\/#organization\",\"name\":\"Gianni Conti\",\"url\":\"https:\/\/gianniconti.com.vn\/it\/\",\"sameAs\":[\"https:\/\/www.facebook.com\/GianniContiVietnam\/\",\"https:\/\/www.instagram.com\/giannicontibags\/\",\"https:\/\/www.youtube.com\/channel\/UCzhP_e1VT_8exZyQuuA3V5A\"],\"logo\":{\"@type\":\"ImageObject\",\"@id\":\"https:\/\/gianniconti.com.vn\/it\/#logo\",\"inLanguage\":\"vi\",\"url\":\"https:\/\/gianniconti.com.vn\/wp-content\/uploads\/2016\/04\/gianni-conti-logo-1.png\",\"contentUrl\":\"https:\/\/gianniconti.com.vn\/wp-content\/uploads\/2016\/04\/gianni-conti-logo-1.png\",\"width\":629,\"height\":212,\"caption\":\"Gianni Conti\"},\"image\":{\"@id\":\"https:\/\/gianniconti.com.vn\/it\/#logo\"}},{\"@type\":\"WebSite\",\"@id\":\"https:\/\/gianniconti.com.vn\/it\/#website\",\"url\":\"https:\/\/gianniconti.com.vn\/it\/\",\"name\":\"Gianni Conti\",\"description\":\"Leather bags and accessories for men and women\",\"publisher\":{\"@id\":\"https:\/\/gianniconti.com.vn\/it\/#organization\"},\"potentialAction\":[{\"@type\":\"SearchAction\",\"target\":{\"@type\":\"EntryPoint\",\"urlTemplate\":\"https:\/\/gianniconti.com.vn\/it\/?s={search_term_string}\"},\"query-input\":\"required name=search_term_string\"}],\"inLanguage\":\"vi\"},{\"@type\":\"WebPage\",\"@id\":\"https:\/\/gianniconti.com.vn\/vi\/doi-tac\/#webpage\",\"url\":\"https:\/\/gianniconti.com.vn\/vi\/doi-tac\/\",\"name\":\"D\\u00e0nh cho \\u0111\\u1ed1i t\\u00e1c - Gianni Conti - Th\\u01b0\\u01a1ng hi\\u1ec7u \\u0111\\u1ed3 da n\\u1ed5i ti\\u1ebfng Italy t\\u1eeb 1920\",\"isPartOf\":{\"@id\":\"https:\/\/gianniconti.com.vn\/it\/#website\"},\"datePublished\":\"2017-08-24T06:39:42+00:00\",\"dateModified\":\"2017-11-01T08:38:07+00:00\",\"description\":\"H\\u00e3y li\\u00ean h\\u1ec7 v\\u1edbi ch\\u00fang t\\u00f4i \\u0111\\u1ec3 tr\\u1edf th\\u00e0nh \\u0111\\u1ed1i t\\u00e1c, nh\\u00e0 ph\\u00e2n ph\\u1ed1i \\u1ee7y quy\\u1ec1n c\\u1ee7a Gianni Conti - Th\\u01b0\\u01a1ng hi\\u1ec7u t\\u00fai v\\u00e0 ph\\u1ee5 ki\\u1ec7n da n\\u1ed5i ti\\u1ebfng Italy t\\u1eeb 1920\",\"breadcrumb\":{\"@id\":\"https:\/\/gianniconti.com.vn\/vi\/doi-tac\/#breadcrumb\"},\"inLanguage\":\"vi\",\"potentialAction\":[{\"@type\":\"ReadAction\",\"target\":[\"https:\/\/gianniconti.com.vn\/vi\/doi-tac\/\"]}]},{\"@type\":\"BreadcrumbList\",\"@id\":\"https:\/\/gianniconti.com.vn\/vi\/doi-tac\/#breadcrumb\",\"itemListElement\":[{\"@type\":\"ListItem\",\"position\":1,\"name\":\"Home\",\"item\":\"https:\/\/gianniconti.com.vn\/vi\/\"},{\"@type\":\"ListItem\",\"position\":2,\"name\":\"D\\u00e0nh cho \\u0111\\u1ed1i t\\u00e1c\"}]}]}<\/script>\n<!-- \/ Yoast SEO plugin. -->","yoast_head_json":{"title":"D\u00e0nh cho \u0111\u1ed1i t\u00e1c - Gianni Conti - Th\u01b0\u01a1ng hi\u1ec7u \u0111\u1ed3 da n\u1ed5i ti\u1ebfng Italy t\u1eeb 1920","description":"H\u00e3y li\u00ean h\u1ec7 v\u1edbi ch\u00fang t\u00f4i \u0111\u1ec3 tr\u1edf th\u00e0nh \u0111\u1ed1i t\u00e1c, nh\u00e0 ph\u00e2n ph\u1ed1i \u1ee7y quy\u1ec1n c\u1ee7a Gianni Conti - Th\u01b0\u01a1ng hi\u1ec7u t\u00fai v\u00e0 ph\u1ee5 ki\u1ec7n da n\u1ed5i ti\u1ebfng Italy t\u1eeb 1920","robots":{"index":"noindex","follow":"follow","max-snippet":"max-snippet:-1","max-image-preview":"max-image-preview:large","max-video-preview":"max-video-preview:-1"},"og_locale":"vi_VN","og_type":"article","og_title":"D\u00e0nh cho \u0111\u1ed1i t\u00e1c - Gianni Conti - Th\u01b0\u01a1ng hi\u1ec7u \u0111\u1ed3 da n\u1ed5i ti\u1ebfng Italy t\u1eeb 1920","og_description":"H\u00e3y li\u00ean h\u1ec7 v\u1edbi ch\u00fang t\u00f4i \u0111\u1ec3 tr\u1edf th\u00e0nh \u0111\u1ed1i t\u00e1c, nh\u00e0 ph\u00e2n ph\u1ed1i \u1ee7y quy\u1ec1n c\u1ee7a Gianni Conti - Th\u01b0\u01a1ng hi\u1ec7u t\u00fai v\u00e0 ph\u1ee5 ki\u1ec7n da n\u1ed5i ti\u1ebfng Italy t\u1eeb 1920","og_url":"https:\/\/gianniconti.com.vn\/vi\/doi-tac\/","og_site_name":"Gianni Conti","article_publisher":"https:\/\/www.facebook.com\/GianniContiVietnam\/","article_modified_time":"2017-11-01T08:38:07+00:00","twitter_card":"summary","schema":{"@context":"https:\/\/schema.org","@graph":[{"@type":"Organization","@id":"https:\/\/gianniconti.com.vn\/it\/#organization","name":"Gianni Conti","url":"https:\/\/gianniconti.com.vn\/it\/","sameAs":["https:\/\/www.facebook.com\/GianniContiVietnam\/","https:\/\/www.instagram.com\/giannicontibags\/","https:\/\/www.youtube.com\/channel\/UCzhP_e1VT_8exZyQuuA3V5A"],"logo":{"@type":"ImageObject","@id":"https:\/\/gianniconti.com.vn\/it\/#logo","inLanguage":"vi","url":"https:\/\/gianniconti.com.vn\/wp-content\/uploads\/2016\/04\/gianni-conti-logo-1.png","contentUrl":"https:\/\/gianniconti.com.vn\/wp-content\/uploads\/2016\/04\/gianni-conti-logo-1.png","width":629,"height":212,"caption":"Gianni Conti"},"image":{"@id":"https:\/\/gianniconti.com.vn\/it\/#logo"}},{"@type":"WebSite","@id":"https:\/\/gianniconti.com.vn\/it\/#website","url":"https:\/\/gianniconti.com.vn\/it\/","name":"Gianni Conti","description":"Leather bags and accessories for men and women","publisher":{"@id":"https:\/\/gianniconti.com.vn\/it\/#organization"},"potentialAction":[{"@type":"SearchAction","target":{"@type":"EntryPoint","urlTemplate":"https:\/\/gianniconti.com.vn\/it\/?s={search_term_string}"},"query-input":"required name=search_term_string"}],"inLanguage":"vi"},{"@type":"WebPage","@id":"https:\/\/gianniconti.com.vn\/vi\/doi-tac\/#webpage","url":"https:\/\/gianniconti.com.vn\/vi\/doi-tac\/","name":"D\u00e0nh cho \u0111\u1ed1i t\u00e1c - Gianni Conti - Th\u01b0\u01a1ng hi\u1ec7u \u0111\u1ed3 da n\u1ed5i ti\u1ebfng Italy t\u1eeb 1920","isPartOf":{"@id":"https:\/\/gianniconti.com.vn\/it\/#website"},"datePublished":"2017-08-24T06:39:42+00:00","dateModified":"2017-11-01T08:38:07+00:00","description":"H\u00e3y li\u00ean h\u1ec7 v\u1edbi ch\u00fang t\u00f4i \u0111\u1ec3 tr\u1edf th\u00e0nh \u0111\u1ed1i t\u00e1c, nh\u00e0 ph\u00e2n ph\u1ed1i \u1ee7y quy\u1ec1n c\u1ee7a Gianni Conti - Th\u01b0\u01a1ng hi\u1ec7u t\u00fai v\u00e0 ph\u1ee5 ki\u1ec7n da n\u1ed5i ti\u1ebfng Italy t\u1eeb 1920","breadcrumb":{"@id":"https:\/\/gianniconti.com.vn\/vi\/doi-tac\/#breadcrumb"},"inLanguage":"vi","potentialAction":[{"@type":"ReadAction","target":["https:\/\/gianniconti.com.vn\/vi\/doi-tac\/"]}]},{"@type":"BreadcrumbList","@id":"https:\/\/gianniconti.com.vn\/vi\/doi-tac\/#breadcrumb","itemListElement":[{"@type":"ListItem","position":1,"name":"Home","item":"https:\/\/gianniconti.com.vn\/vi\/"},{"@type":"ListItem","position":2,"name":"D\u00e0nh cho \u0111\u1ed1i t\u00e1c"}]}]}},"_links":{"self":[{"href":"https:\/\/gianniconti.com.vn\/vi\/wp-json\/wp\/v2\/pages\/7123"}],"collection":[{"href":"https:\/\/gianniconti.com.vn\/vi\/wp-json\/wp\/v2\/pages"}],"about":[{"href":"https:\/\/gianniconti.com.vn\/vi\/wp-json\/wp\/v2\/types\/page"}],"author":[{"embeddable":true,"href":"https:\/\/gianniconti.com.vn\/vi\/wp-json\/wp\/v2\/users\/75"}],"replies":[{"embeddable":true,"href":"https:\/\/gianniconti.com.vn\/vi\/wp-json\/wp\/v2\/comments?post=7123"}],"version-history":[{"count":6,"href":"https:\/\/gianniconti.com.vn\/vi\/wp-json\/wp\/v2\/pages\/7123\/revisions"}],"predecessor-version":[{"id":7745,"href":"https:\/\/gianniconti.com.vn\/vi\/wp-json\/wp\/v2\/pages\/7123\/revisions\/7745"}],"wp:attachment":[{"href":"https:\/\/gianniconti.com.vn\/vi\/wp-json\/wp\/v2\/media?parent=7123"}],"curies":[{"name":"wp","href":"https:\/\/api.w.org\/{rel}","templated":true}]}}